{"id":7997,"date":"2023-03-15T20:36:46","date_gmt":"2023-03-15T18:36:46","guid":{"rendered":"https:\/\/old.ausrines.lt\/office-baths-and-sauna\/"},"modified":"2023-06-07T13:31:07","modified_gmt":"2023-06-07T10:31:07","slug":"office-baths-and-sauna","status":"publish","type":"page","link":"https:\/\/old.ausrines.lt\/en\/office-baths-and-sauna\/","title":{"rendered":"Office baths and Sauna"},"content":{"rendered":"\t\t<div data-elementor-type=\"wp-page\" data-elementor-id=\"7997\" class=\"elementor elementor-7997 elementor-5885\">\n\t\t\t\t\t\t<section class=\"elementor-section elementor-top-section elementor-element elementor-element-d50cd37 elementor-section-boxed elementor-section-gap-beside-yes elementor-section-height-default elementor-section-height-default elementor-section-column-vertical-align-stretch\" data-id=\"d50cd37\" data-element_type=\"section\">\n\t\t\t\t\t\t<div class=\"elementor-container elementor-column-gap-extended\">\n\t\t\t\t\t<div class=\"elementor-column elementor-col-100 elementor-top-column elementor-element elementor-element-d70fd19\" data-id=\"d70fd19\" data-element_type=\"column\">\n\t\t\t<div class=\"elementor-widget-wrap elementor-element-populated\">\n\t\t\t\t\t\t<div class=\"elementor-element elementor-element-1626ee2 elementor-widget__width-initial elementor-invisible elementor-widget elementor-widget-text-editor\" data-id=\"1626ee2\" data-element_type=\"widget\" data-settings=\"{&quot;_animation&quot;:&quot;nussFadeInUp&quot;}\" data-widget_type=\"text-editor.default\">\n\t\t\t\t<div class=\"elementor-widget-container\">\n\t\t\t\t\t\t\t\t\t<p>In the near future, the Dawn Room will be home to a sauna building and offshore baths.<\/p>\n\t\t\t\t\t\t\t\t<\/div>\n\t\t\t\t<\/div>\n\t\t\t\t\t<\/div>\n\t\t<\/div>\n\t\t\t\t\t<\/div>\n\t\t<\/section>\n\t\t\t\t<\/div>\n\t\t","protected":false},"excerpt":{"rendered":"<p>In the near future, the Dawn Room will be home to a sauna building and offshore baths.<\/p>\n","protected":false},"author":1,"featured_media":0,"parent":0,"menu_order":0,"comment_status":"closed","ping_status":"closed","template":"","meta":{"footnotes":""},"class_list":["post-7997","page","type-page","status-publish","hentry","post-no-thumbnail"],"yoast_head":"<!-- This site is optimized with the Yoast SEO plugin v24.6 - https:\/\/yoast.com\/wordpress\/plugins\/seo\/ -->\n<title>Office baths and Sauna% A different kind of rest for you in Dawn<\/title>\n<meta name=\"description\" content=\"The Dawn Room offers a relaxing holiday for two, with the pleasures of an open-air bath and a remote sauna. Private Spa in nature - book now!\" \/>\n<meta name=\"robots\" content=\"index, follow, max-snippet:-1, max-image-preview:large, max-video-preview:-1\" \/>\n<link rel=\"canonical\" href=\"https:\/\/old.ausrines.lt\/ofuro-vonios-ir-pirtis\/\" \/>\n<meta property=\"og:locale\" content=\"en_US\" \/>\n<meta property=\"og:type\" content=\"article\" \/>\n<meta property=\"og:title\" content=\"Office baths and Sauna% A different kind of rest for you in Dawn\" \/>\n<meta property=\"og:description\" content=\"The Dawn Room offers a relaxing holiday for two, with the pleasures of an open-air bath and a remote sauna. Private Spa in nature - book now!\" \/>\n<meta property=\"og:url\" content=\"https:\/\/old.ausrines.lt\/ofuro-vonios-ir-pirtis\/\" \/>\n<meta property=\"og:site_name\" content=\"Au\u0161rin\u0117s - kitokio poilsio id\u0117ja gamtoje\" \/>\n<meta property=\"article:publisher\" content=\"https:\/\/www.facebook.com\/ausrines8\" \/>\n<meta property=\"article:modified_time\" content=\"2023-06-07T10:31:07+00:00\" \/>\n<meta property=\"og:image\" content=\"https:\/\/old.ausrines.lt\/wp-content\/uploads\/2023\/03\/IMG_1270-scaled.jpg\" \/>\n\t<meta property=\"og:image:width\" content=\"2560\" \/>\n\t<meta property=\"og:image:height\" content=\"1920\" \/>\n\t<meta property=\"og:image:type\" content=\"image\/jpeg\" \/>\n<meta name=\"twitter:card\" content=\"summary_large_image\" \/>\n<script type=\"application\/ld+json\" class=\"yoast-schema-graph\">{\"@context\":\"https:\/\/schema.org\",\"@graph\":[{\"@type\":\"WebPage\",\"@id\":\"https:\/\/old.ausrines.lt\/ofuro-vonios-ir-pirtis\/\",\"url\":\"https:\/\/old.ausrines.lt\/ofuro-vonios-ir-pirtis\/\",\"name\":\"Office baths and Sauna% A different kind of rest for you in Dawn\",\"isPartOf\":{\"@id\":\"https:\/\/old.ausrines.lt\/#website\"},\"datePublished\":\"2023-03-15T18:36:46+00:00\",\"dateModified\":\"2023-06-07T10:31:07+00:00\",\"description\":\"The Dawn Room offers a relaxing holiday for two, with the pleasures of an open-air bath and a remote sauna. Private Spa in nature - book now!\",\"breadcrumb\":{\"@id\":\"https:\/\/old.ausrines.lt\/ofuro-vonios-ir-pirtis\/#breadcrumb\"},\"inLanguage\":\"en-US\",\"potentialAction\":[{\"@type\":\"ReadAction\",\"target\":[\"https:\/\/old.ausrines.lt\/ofuro-vonios-ir-pirtis\/\"]}]},{\"@type\":\"BreadcrumbList\",\"@id\":\"https:\/\/old.ausrines.lt\/ofuro-vonios-ir-pirtis\/#breadcrumb\",\"itemListElement\":[{\"@type\":\"ListItem\",\"position\":1,\"name\":\"Home\",\"item\":\"https:\/\/old.ausrines.lt\/en\/\"},{\"@type\":\"ListItem\",\"position\":2,\"name\":\"Office baths and Sauna\"}]},{\"@type\":\"WebSite\",\"@id\":\"https:\/\/old.ausrines.lt\/#website\",\"url\":\"https:\/\/old.ausrines.lt\/\",\"name\":\"Au\u0161rin\u0117s - kitokio poilsio id\u0117ja gamtoje\",\"description\":\"Prabangus poilsis gamtoje dviems\",\"publisher\":{\"@id\":\"https:\/\/old.ausrines.lt\/#organization\"},\"alternateName\":\"Au\u0161rin\u0117s nameliai - privatus poilsis dviems\",\"potentialAction\":[{\"@type\":\"SearchAction\",\"target\":{\"@type\":\"EntryPoint\",\"urlTemplate\":\"https:\/\/old.ausrines.lt\/?s={search_term_string}\"},\"query-input\":{\"@type\":\"PropertyValueSpecification\",\"valueRequired\":true,\"valueName\":\"search_term_string\"}}],\"inLanguage\":\"en-US\"},{\"@type\":\"Organization\",\"@id\":\"https:\/\/old.ausrines.lt\/#organization\",\"name\":\"Au\u0161rin\u0117s\",\"alternateName\":\"Au\u0161rin\u0117s nameliai\",\"url\":\"https:\/\/old.ausrines.lt\/\",\"logo\":{\"@type\":\"ImageObject\",\"inLanguage\":\"en-US\",\"@id\":\"https:\/\/old.ausrines.lt\/#\/schema\/logo\/image\/\",\"url\":\"https:\/\/old.ausrines.lt\/wp-content\/uploads\/2023\/02\/Ausrines-logo-juoda.png\",\"contentUrl\":\"https:\/\/old.ausrines.lt\/wp-content\/uploads\/2023\/02\/Ausrines-logo-juoda.png\",\"width\":709,\"height\":709,\"caption\":\"Au\u0161rin\u0117s\"},\"image\":{\"@id\":\"https:\/\/old.ausrines.lt\/#\/schema\/logo\/image\/\"},\"sameAs\":[\"https:\/\/www.facebook.com\/ausrines8\",\"https:\/\/www.instagram.com\/ausrines8\/\"]}]}<\/script>\n<!-- \/ Yoast SEO plugin. -->","yoast_head_json":{"title":"Office baths and Sauna% A different kind of rest for you in Dawn","description":"The Dawn Room offers a relaxing holiday for two, with the pleasures of an open-air bath and a remote sauna. Private Spa in nature - book now!","robots":{"index":"index","follow":"follow","max-snippet":"max-snippet:-1","max-image-preview":"max-image-preview:large","max-video-preview":"max-video-preview:-1"},"canonical":"https:\/\/old.ausrines.lt\/ofuro-vonios-ir-pirtis\/","og_locale":"en_US","og_type":"article","og_title":"Office baths and Sauna% A different kind of rest for you in Dawn","og_description":"The Dawn Room offers a relaxing holiday for two, with the pleasures of an open-air bath and a remote sauna. Private Spa in nature - book now!","og_url":"https:\/\/old.ausrines.lt\/ofuro-vonios-ir-pirtis\/","og_site_name":"Au\u0161rin\u0117s - kitokio poilsio id\u0117ja gamtoje","article_publisher":"https:\/\/www.facebook.com\/ausrines8","article_modified_time":"2023-06-07T10:31:07+00:00","og_image":[{"width":2560,"height":1920,"url":"https:\/\/old.ausrines.lt\/wp-content\/uploads\/2023\/03\/IMG_1270-scaled.jpg","type":"image\/jpeg"}],"twitter_card":"summary_large_image","schema":{"@context":"https:\/\/schema.org","@graph":[{"@type":"WebPage","@id":"https:\/\/old.ausrines.lt\/ofuro-vonios-ir-pirtis\/","url":"https:\/\/old.ausrines.lt\/ofuro-vonios-ir-pirtis\/","name":"Office baths and Sauna% A different kind of rest for you in Dawn","isPartOf":{"@id":"https:\/\/old.ausrines.lt\/#website"},"datePublished":"2023-03-15T18:36:46+00:00","dateModified":"2023-06-07T10:31:07+00:00","description":"The Dawn Room offers a relaxing holiday for two, with the pleasures of an open-air bath and a remote sauna. Private Spa in nature - book now!","breadcrumb":{"@id":"https:\/\/old.ausrines.lt\/ofuro-vonios-ir-pirtis\/#breadcrumb"},"inLanguage":"en-US","potentialAction":[{"@type":"ReadAction","target":["https:\/\/old.ausrines.lt\/ofuro-vonios-ir-pirtis\/"]}]},{"@type":"BreadcrumbList","@id":"https:\/\/old.ausrines.lt\/ofuro-vonios-ir-pirtis\/#breadcrumb","itemListElement":[{"@type":"ListItem","position":1,"name":"Home","item":"https:\/\/old.ausrines.lt\/en\/"},{"@type":"ListItem","position":2,"name":"Office baths and Sauna"}]},{"@type":"WebSite","@id":"https:\/\/old.ausrines.lt\/#website","url":"https:\/\/old.ausrines.lt\/","name":"Au\u0161rin\u0117s - kitokio poilsio id\u0117ja gamtoje","description":"Prabangus poilsis gamtoje dviems","publisher":{"@id":"https:\/\/old.ausrines.lt\/#organization"},"alternateName":"Au\u0161rin\u0117s nameliai - privatus poilsis dviems","potentialAction":[{"@type":"SearchAction","target":{"@type":"EntryPoint","urlTemplate":"https:\/\/old.ausrines.lt\/?s={search_term_string}"},"query-input":{"@type":"PropertyValueSpecification","valueRequired":true,"valueName":"search_term_string"}}],"inLanguage":"en-US"},{"@type":"Organization","@id":"https:\/\/old.ausrines.lt\/#organization","name":"Au\u0161rin\u0117s","alternateName":"Au\u0161rin\u0117s nameliai","url":"https:\/\/old.ausrines.lt\/","logo":{"@type":"ImageObject","inLanguage":"en-US","@id":"https:\/\/old.ausrines.lt\/#\/schema\/logo\/image\/","url":"https:\/\/old.ausrines.lt\/wp-content\/uploads\/2023\/02\/Ausrines-logo-juoda.png","contentUrl":"https:\/\/old.ausrines.lt\/wp-content\/uploads\/2023\/02\/Ausrines-logo-juoda.png","width":709,"height":709,"caption":"Au\u0161rin\u0117s"},"image":{"@id":"https:\/\/old.ausrines.lt\/#\/schema\/logo\/image\/"},"sameAs":["https:\/\/www.facebook.com\/ausrines8","https:\/\/www.instagram.com\/ausrines8\/"]}]}},"_links":{"self":[{"href":"https:\/\/old.ausrines.lt\/en\/wp-json\/wp\/v2\/pages\/7997","targetHints":{"allow":["GET"]}}],"collection":[{"href":"https:\/\/old.ausrines.lt\/en\/wp-json\/wp\/v2\/pages"}],"about":[{"href":"https:\/\/old.ausrines.lt\/en\/wp-json\/wp\/v2\/types\/page"}],"author":[{"embeddable":true,"href":"https:\/\/old.ausrines.lt\/en\/wp-json\/wp\/v2\/users\/1"}],"replies":[{"embeddable":true,"href":"https:\/\/old.ausrines.lt\/en\/wp-json\/wp\/v2\/comments?post=7997"}],"version-history":[{"count":3,"href":"https:\/\/old.ausrines.lt\/en\/wp-json\/wp\/v2\/pages\/7997\/revisions"}],"predecessor-version":[{"id":8016,"href":"https:\/\/old.ausrines.lt\/en\/wp-json\/wp\/v2\/pages\/7997\/revisions\/8016"}],"wp:attachment":[{"href":"https:\/\/old.ausrines.lt\/en\/wp-json\/wp\/v2\/media?parent=7997"}],"curies":[{"name":"wp","href":"https:\/\/api.w.org\/{rel}","templated":true}]}}